{"id":2,"date":"2023-11-03T23:47:55","date_gmt":"2023-11-03T23:47:55","guid":{"rendered":"https:\/\/tlg-group.com.tn\/inoxa-by-tlg-pharma\/?page_id=2"},"modified":"2023-12-16T11:39:36","modified_gmt":"2023-12-16T11:39:36","slug":"inoxa-by-tlg-pharma","status":"publish","type":"page","link":"https:\/\/tlg-group.com.tn\/inoxa-by-tlg-pharma\/","title":{"rendered":"Inoxa by TLG Pharma"},"content":{"rendered":"<p>[et_pb_section fb_built=&#8221;1&#8243; fullwidth=&#8221;on&#8221; _builder_version=&#8221;4.16&#8243; global_colors_info=&#8221;{}&#8221;][et_pb_fullwidth_header text_orientation=&#8221;right&#8221; content_max_width_tablet=&#8221;75%&#8221; content_max_width_phone=&#8221;100%&#8221; content_max_width_last_edited=&#8221;off|desktop&#8221; _builder_version=&#8221;4.21.0&#8243; title_level=&#8221;h2&#8243; title_font=&#8221;Dancing Script|700|||||||&#8221; title_text_align=&#8221;left&#8221; title_font_size=&#8221;4.2vw&#8221; content_font=&#8221;||||||||&#8221; background_enable_color=&#8221;off&#8221; background_image=&#8221;https:\/\/tlg-group.com.tn\/inoxa-by-tlg-pharma\/wp-content\/uploads\/sites\/4\/2023\/11\/bg-inoxa.jpg&#8221; module_alignment=&#8221;center&#8221; min_height=&#8221;100vh&#8221; custom_padding=&#8221;||||false|false&#8221; title_font_size_tablet=&#8221;6.2vw&#8221; title_font_size_phone=&#8221;7.2vw&#8221; title_font_size_last_edited=&#8221;on|phone&#8221; custom_css_logo=&#8221;||&#8221; global_colors_info=&#8221;{}&#8221;][\/et_pb_fullwidth_header][\/et_pb_section][et_pb_section fb_built=&#8221;1&#8243; _builder_version=&#8221;4.22.2&#8243; _module_preset=&#8221;default&#8221; global_colors_info=&#8221;{}&#8221;][et_pb_row _builder_version=&#8221;4.22.2&#8243; _module_preset=&#8221;default&#8221; global_colors_info=&#8221;{}&#8221;][et_pb_column type=&#8221;4_4&#8243; _builder_version=&#8221;4.16&#8243; _module_preset=&#8221;default&#8221; global_colors_info=&#8221;{}&#8221;][et_pb_text _builder_version=&#8221;4.16&#8243; _module_preset=&#8221;default&#8221; text_orientation=&#8221;justified&#8221; global_colors_info=&#8221;{}&#8221;]<\/p>\n<p><strong>INOXA By TLG Pharma\u00a0<\/strong>est un leader dans le domaine des solutions m\u00e9dicales et la prise en charge des soins<\/p>\n<p>Fort de son potentiel humain et de son savoir-faire, composantes essentielles de son essor, <strong>INOXA by TLG Pharma<\/strong>, continue \u00e0 s\u00e9duire diff\u00e9rents groupes pharmaceutiques de premiers plans aussi bien dans le partenariat au niveau du d\u00e9veloppement que dans la co-traitance.<\/p>\n<p>C\u2019est \u00e0 cette image que <strong>INOXA by TLG Pharma\u00a0<\/strong>prend une dimension internationale tout en restant fid\u00e8le aux valeurs humanistes qu\u2019elle a toujours d\u00e9fendues, le bien-\u00eatre, les besoins et la s\u00e9curit\u00e9 du patient sont notre principale pr\u00e9occupation.<\/p>\n<p>[\/et_pb_text][\/et_pb_column][\/et_pb_row][\/et_pb_section][et_pb_section fb_built=&#8221;1&#8243; custom_padding_last_edited=&#8221;off|desktop&#8221; admin_label=&#8221;Notre expertise&#8221; module_id=&#8221;expertise&#8221; module_class=&#8221;vertical-align&#8221; _builder_version=&#8221;4.22.2&#8243; background_color=&#8221;#0a4479&#8243; custom_padding_tablet=&#8221;5vw||5vw||true|false&#8221; global_colors_info=&#8221;{}&#8221;][et_pb_row use_custom_gutter=&#8221;on&#8221; make_equal=&#8221;on&#8221; _builder_version=&#8221;4.22.2&#8243; background_enable_color=&#8221;off&#8221; width_tablet=&#8221;90%&#8221; width_phone=&#8221;90%&#8221; width_last_edited=&#8221;on|desktop&#8221; global_colors_info=&#8221;{}&#8221;][et_pb_column type=&#8221;4_4&#8243; _builder_version=&#8221;4.16&#8243; global_colors_info=&#8221;{}&#8221;][dsm_text_divider header=&#8221;Notre expertise&#8221; color=&#8221;#ffffff&#8221; divider_weight=&#8221;4px&#8221; _builder_version=&#8221;4.16&#8243; header_level=&#8221;h2&#8243; header_font=&#8221;|800||on|||||&#8221; header_font_size=&#8221;3em&#8221; background_layout=&#8221;dark&#8221; width=&#8221;75%&#8221; width_tablet=&#8221;100%&#8221; width_phone=&#8221;&#8221; width_last_edited=&#8221;on|desktop&#8221; module_alignment=&#8221;center&#8221; custom_padding=&#8221;1vw||2vw||false|false&#8221; header_font_size_tablet=&#8221;2.5em&#8221; header_font_size_phone=&#8221;1.5em&#8221; header_font_size_last_edited=&#8221;on|phone&#8221; locked=&#8221;off&#8221; global_colors_info=&#8221;{}&#8221;][\/dsm_text_divider][\/et_pb_column][\/et_pb_row][et_pb_row column_structure=&#8221;2_5,3_5&#8243; use_custom_gutter=&#8221;on&#8221; gutter_width=&#8221;1&#8243; make_equal=&#8221;on&#8221; _builder_version=&#8221;4.22.2&#8243; background_enable_color=&#8221;off&#8221; width_tablet=&#8221;90%&#8221; width_phone=&#8221;90%&#8221; width_last_edited=&#8221;on|desktop&#8221; custom_css_main_element=&#8221;align-items: center;&#8221; global_colors_info=&#8221;{}&#8221;][et_pb_column type=&#8221;2_5&#8243; _builder_version=&#8221;4.16&#8243; global_colors_info=&#8221;{}&#8221;][et_pb_image src=&#8221;https:\/\/tlg-group.com.tn\/inoxa-by-tlg-pharma\/wp-content\/uploads\/sites\/4\/2023\/12\/nos-engagements.svg&#8221; title_text=&#8221;nos-engagements&#8221; align=&#8221;center&#8221; _builder_version=&#8221;4.23&#8243; _module_preset=&#8221;default&#8221; width=&#8221;70%&#8221; custom_padding=&#8221;||||false|false&#8221; custom_padding_tablet=&#8221;||5vw||false|false&#8221; custom_padding_phone=&#8221;||10vw||false|false&#8221; custom_padding_last_edited=&#8221;on|phone&#8221; hover_enabled=&#8221;0&#8243; global_colors_info=&#8221;{}&#8221; sticky_enabled=&#8221;0&#8243;][\/et_pb_image][\/et_pb_column][et_pb_column type=&#8221;3_5&#8243; _builder_version=&#8221;4.16&#8243; global_colors_info=&#8221;{}&#8221;][et_pb_text _builder_version=&#8221;4.16&#8243; text_font=&#8221;|300|||||||&#8221; text_orientation=&#8221;justified&#8221; background_layout=&#8221;dark&#8221; global_colors_info=&#8221;{}&#8221;]<\/p>\n<p><strong>INOXA By TLG Pharma<\/strong> propose une r\u00e9ponse adapt\u00e9e aux besoins de distribution, promotion m\u00e9dicale et pharmaceutique \u00e0 l\u2019internationale.<\/p>\n<p><strong><\/strong><\/p>\n<p><strong>INOXA By TLG Pharma<\/strong> met sa comp\u00e9tence et son expertise m\u00e9dicale\u00a0au service des professionnels de sant\u00e9 et des patients.<\/p>\n<p>&nbsp;<\/p>\n<p>Nous sommes les\u00a0partenaires\u00a0des pharmacies, des h\u00f4pitaux, des maisons de retraite et de tous les professionnels de sant\u00e9.<\/p>\n<p>[\/et_pb_text][\/et_pb_column][\/et_pb_row][\/et_pb_section][et_pb_section fb_built=&#8221;1&#8243; module_id=&#8221;produits&#8221; _builder_version=&#8221;4.22.2&#8243; _module_preset=&#8221;default&#8221; global_colors_info=&#8221;{}&#8221;][et_pb_row use_custom_gutter=&#8221;on&#8221; make_equal=&#8221;on&#8221; _builder_version=&#8221;4.22.2&#8243; background_enable_color=&#8221;off&#8221; width_tablet=&#8221;90%&#8221; width_phone=&#8221;90%&#8221; width_last_edited=&#8221;on|desktop&#8221; locked=&#8221;off&#8221; global_colors_info=&#8221;{}&#8221;][et_pb_column type=&#8221;4_4&#8243; _builder_version=&#8221;4.16&#8243; global_colors_info=&#8221;{}&#8221;][dsm_text_divider header=&#8221;Nos produits&#8221; color=&#8221;#0a4479&#8243; divider_weight=&#8221;4px&#8221; _builder_version=&#8221;4.22.2&#8243; header_level=&#8221;h2&#8243; header_font=&#8221;|800||on|||||&#8221; header_text_color=&#8221;#0a4479&#8243; header_font_size=&#8221;3em&#8221; background_layout=&#8221;dark&#8221; width=&#8221;75%&#8221; width_tablet=&#8221;100%&#8221; width_phone=&#8221;&#8221; width_last_edited=&#8221;on|desktop&#8221; module_alignment=&#8221;center&#8221; custom_padding=&#8221;1vw||2vw||false|false&#8221; header_font_size_tablet=&#8221;2.5em&#8221; header_font_size_phone=&#8221;1.5em&#8221; header_font_size_last_edited=&#8221;on|phone&#8221; locked=&#8221;off&#8221; global_colors_info=&#8221;{}&#8221;][\/dsm_text_divider][\/et_pb_column][\/et_pb_row][\/et_pb_section][et_pb_section fb_built=&#8221;1&#8243; admin_label=&#8221;Our markets 1&#8243; module_class=&#8221;mp_s_flip_cards_3d&#8221; _builder_version=&#8221;4.16&#8243; _module_preset=&#8221;default&#8221; custom_padding=&#8221;0px||0px||true|false&#8221; collapsed=&#8221;off&#8221; global_colors_info=&#8221;{}&#8221;][et_pb_row admin_label=&#8221;SOLUTIONS HYDROALCOOLIQUES&#8221; module_class=&#8221;mp_row_flip_box&#8221; _builder_version=&#8221;4.22.2&#8243; _module_preset=&#8221;default&#8221; collapsed=&#8221;off&#8221; global_colors_info=&#8221;{}&#8221;][et_pb_column type=&#8221;4_4&#8243; module_class=&#8221;mp_column_flip_box&#8221; _builder_version=&#8221;4.16&#8243; _module_preset=&#8221;default&#8221; global_colors_info=&#8221;{}&#8221;][et_pb_text module_class=&#8221;mp_m_fc_front_text&#8221; _builder_version=&#8221;4.22.2&#8243; _module_preset=&#8221;default&#8221; header_2_font=&#8221;|700|||||||&#8221; header_2_text_color=&#8221;#FFFFFF&#8221; use_background_color_gradient=&#8221;on&#8221; background_color_gradient_stops=&#8221;rgba(10,68,121,0.25) 0%|rgba(10,68,121,0.25) 100%&#8221; background_color_gradient_overlays_image=&#8221;on&#8221; background_color_gradient_start=&#8221;rgba(0,0,0,0.25)&#8221; background_color_gradient_end=&#8221;rgba(0,0,0,0.25)&#8221; background_image=&#8221;https:\/\/tlg-group.com.tn\/inoxa-by-tlg-pharma\/wp-content\/uploads\/sites\/4\/2023\/11\/hydroalcoholic.jpg&#8221; text_orientation=&#8221;center&#8221; background_layout=&#8221;dark&#8221; global_colors_info=&#8221;{}&#8221;]<\/p>\n<h3>SOLUTIONS HYDROALCOOLIQUES<\/h3>\n<p>[\/et_pb_text][et_pb_text module_class=&#8221;mp_m_fc_back_text&#8221; _builder_version=&#8221;4.22.2&#8243; _module_preset=&#8221;default&#8221; use_background_color_gradient=&#8221;on&#8221; background_color_gradient_stops=&#8221;rgba(10,68,121,0.85) 0%|rgba(10,68,121,0.85) 100%&#8221; background_color_gradient_overlays_image=&#8221;on&#8221; background_color_gradient_start=&#8221;rgba(0,0,0,0.75)&#8221; background_color_gradient_end=&#8221;rgba(0,0,0,0.75)&#8221; background_image=&#8221;https:\/\/tlg-group.com.tn\/inoxa-by-tlg-pharma\/wp-content\/uploads\/sites\/4\/2023\/11\/hydroalcoholic.jpg&#8221; global_colors_info=&#8221;{}&#8221;]<\/p>\n<h3>SOLUTIONS HYDROALCOOLIQUES<\/h3>\n<p><strong>LINGETTES ANTI-BACTERIENNES &amp; GELS HYDRALCOLIQUES<\/strong><br \/>\nPour l\u2019hygi\u00e8ne des mains, des surfaces &amp; sols et des dispositifs m\u00e9dicaux.<br \/>\n<strong>Propri\u00e9t\u00e9s microbiologiques :<\/strong><br \/>\n&#8211; Bact\u00e9ricide : EN1040, EN1276, EN13697, EN14561.<br \/>\n&#8211; Fongicide sur Aspergillus Niger : EN1275, EN13697.<br \/>\n&#8211; Levuricide sur Candida Albicans :<br \/>\nEN1275, EN1650, EN13697, EN13624.<br \/>\n&#8211; Virucide : EN14476.[\/et_pb_text][\/et_pb_column][\/et_pb_row][et_pb_row admin_label=&#8221;HABILLAGE OP\u00c9RATOIRE \u00c0 USAGE UNIQUE&#8221; module_class=&#8221;mp_row_flip_box&#8221; _builder_version=&#8221;4.22.2&#8243; _module_preset=&#8221;default&#8221; collapsed=&#8221;off&#8221; global_colors_info=&#8221;{}&#8221;][et_pb_column type=&#8221;4_4&#8243; module_class=&#8221;mp_column_flip_box&#8221; _builder_version=&#8221;4.16&#8243; _module_preset=&#8221;default&#8221; global_colors_info=&#8221;{}&#8221;][et_pb_text module_class=&#8221;mp_m_fc_front_text&#8221; _builder_version=&#8221;4.22.2&#8243; _module_preset=&#8221;default&#8221; header_2_font=&#8221;|700|||||||&#8221; header_2_text_color=&#8221;#FFFFFF&#8221; use_background_color_gradient=&#8221;on&#8221; background_color_gradient_stops=&#8221;rgba(10,68,121,0.25) 0%|rgba(10,68,121,0.25) 100%&#8221; background_color_gradient_overlays_image=&#8221;on&#8221; background_color_gradient_start=&#8221;rgba(0,0,0,0.25)&#8221; background_color_gradient_end=&#8221;rgba(0,0,0,0.25)&#8221; background_image=&#8221;https:\/\/tlg-group.com.tn\/inoxa-by-tlg-pharma\/wp-content\/uploads\/sites\/4\/2023\/11\/Surgical-clothing.jpg&#8221; text_orientation=&#8221;center&#8221; background_layout=&#8221;dark&#8221; global_colors_info=&#8221;{}&#8221;]<\/p>\n<h3>HABILLAGE OP\u00c9RATOIRE <\/br>\u00c0 USAGE UNIQUE<\/h3>\n<p>[\/et_pb_text][et_pb_text module_class=&#8221;mp_m_fc_back_text&#8221; _builder_version=&#8221;4.22.2&#8243; _module_preset=&#8221;default&#8221; use_background_color_gradient=&#8221;on&#8221; background_color_gradient_stops=&#8221;rgba(10,68,121,0.85) 0%|rgba(10,68,121,0.85) 100%&#8221; background_color_gradient_overlays_image=&#8221;on&#8221; background_color_gradient_start=&#8221;rgba(0,0,0,0.75)&#8221; background_color_gradient_end=&#8221;rgba(0,0,0,0.75)&#8221; background_image=&#8221;https:\/\/tlg-group.com.tn\/inoxa-by-tlg-pharma\/wp-content\/uploads\/sites\/4\/2023\/11\/Surgical-clothing.jpg&#8221; global_colors_info=&#8221;{}&#8221;]<\/p>\n<h3>HABILLAGE OP\u00c9RATOIRE \u00c0 USAGE UNIQUE<\/h3>\n<p><strong>INOXA By TLG Pharma<\/strong><span>\u00a0<\/span>propose une large gamme de tenues de protection et de masques permettent la protection et l\u2019isolation de l\u2019\u00e9quipe chirurgicale des patients et du personnel soignant.<\/p>\n<p>Certifi\u00e9 conform\u00e9ment aux normes internationales.<\/p>\n<p>[\/et_pb_text][\/et_pb_column][\/et_pb_row][et_pb_row admin_label=&#8221;GANTS M\u00c9DICAUX&#8221; module_class=&#8221;mp_row_flip_box&#8221; _builder_version=&#8221;4.22.2&#8243; _module_preset=&#8221;default&#8221; collapsed=&#8221;off&#8221; global_colors_info=&#8221;{}&#8221;][et_pb_column type=&#8221;4_4&#8243; module_class=&#8221;mp_column_flip_box&#8221; _builder_version=&#8221;4.16&#8243; _module_preset=&#8221;default&#8221; global_colors_info=&#8221;{}&#8221;][et_pb_text module_class=&#8221;mp_m_fc_front_text&#8221; _builder_version=&#8221;4.22.2&#8243; _module_preset=&#8221;default&#8221; header_2_font=&#8221;|700|||||||&#8221; header_2_text_color=&#8221;#FFFFFF&#8221; use_background_color_gradient=&#8221;on&#8221; background_color_gradient_stops=&#8221;rgba(10,68,121,0.25) 0%|rgba(10,68,121,0.25) 100%&#8221; background_color_gradient_overlays_image=&#8221;on&#8221; background_color_gradient_start=&#8221;rgba(0,0,0,0.25)&#8221; background_color_gradient_end=&#8221;rgba(0,0,0,0.25)&#8221; background_image=&#8221;https:\/\/tlg-group.com.tn\/inoxa-by-tlg-pharma\/wp-content\/uploads\/sites\/4\/2023\/11\/medicals-gloves.jpg&#8221; text_orientation=&#8221;center&#8221; background_layout=&#8221;dark&#8221; global_colors_info=&#8221;{}&#8221;]<\/p>\n<h3>GANTS M\u00c9DICAUX<\/h3>\n<p>[\/et_pb_text][et_pb_text module_class=&#8221;mp_m_fc_back_text&#8221; _builder_version=&#8221;4.22.2&#8243; _module_preset=&#8221;default&#8221; use_background_color_gradient=&#8221;on&#8221; background_color_gradient_stops=&#8221;rgba(10,68,121,0.85) 0%|rgba(10,68,121,0.85) 100%&#8221; background_color_gradient_overlays_image=&#8221;on&#8221; background_color_gradient_start=&#8221;rgba(0,0,0,0.75)&#8221; background_color_gradient_end=&#8221;rgba(0,0,0,0.75)&#8221; background_image=&#8221;https:\/\/tlg-group.com.tn\/inoxa-by-tlg-pharma\/wp-content\/uploads\/sites\/4\/2023\/11\/medicals-gloves.jpg&#8221; global_colors_info=&#8221;{}&#8221;]<\/p>\n<h3>GANTS M\u00c9DICAUX<\/h3>\n<p><strong>Gants \u00e0 usage unique :<\/strong><br \/>\n&#8211; Latex<br \/>\n&#8211; Vinyle<br \/>\n&#8211; Nitrile<br \/>\n&#8211; Poly\u00e9thyl\u00e8ne<\/p>\n<p>Dispositif m\u00e9dical CE conformes aux normes<br \/>\nEN455-1, EN455-2, NF, ASTM D 3578, ASTM D 6319.[\/et_pb_text][\/et_pb_column][\/et_pb_row][\/et_pb_section][et_pb_section fb_built=&#8221;1&#8243; admin_label=&#8221;Our markets 1&#8243; module_class=&#8221;mp_s_flip_cards_3d&#8221; _builder_version=&#8221;4.22.2&#8243; _module_preset=&#8221;default&#8221; custom_padding=&#8221;0px||||false|false&#8221; collapsed=&#8221;off&#8221; global_colors_info=&#8221;{}&#8221;][et_pb_row admin_label=&#8221;DISPOSITIFS TRANSDERMIQUES&#8221; module_class=&#8221;mp_row_flip_box&#8221; _builder_version=&#8221;4.22.2&#8243; _module_preset=&#8221;default&#8221; custom_css_main_element=&#8221;width:40%!important;&#8221; collapsed=&#8221;off&#8221; global_colors_info=&#8221;{}&#8221; custom_css_main_element_last_edited=&#8221;on|phone&#8221; custom_css_main_element_tablet=&#8221;width:80%!important;&#8221; custom_css_main_element_phone=&#8221;width:80%!important;&#8221;][et_pb_column type=&#8221;4_4&#8243; module_class=&#8221;mp_column_flip_box&#8221; _builder_version=&#8221;4.16&#8243; _module_preset=&#8221;default&#8221; global_colors_info=&#8221;{}&#8221;][et_pb_text module_class=&#8221;mp_m_fc_front_text&#8221; _builder_version=&#8221;4.22.2&#8243; _module_preset=&#8221;default&#8221; header_2_font=&#8221;|700|||||||&#8221; header_2_text_color=&#8221;#FFFFFF&#8221; use_background_color_gradient=&#8221;on&#8221; background_color_gradient_stops=&#8221;#0a4479 0%|#0a4479 100%&#8221; background_color_gradient_overlays_image=&#8221;on&#8221; background_color_gradient_start=&#8221;rgba(0,0,0,0.25)&#8221; background_color_gradient_end=&#8221;rgba(0,0,0,0.25)&#8221; background_image=&#8221;https:\/\/tlg-group.com.tn\/inoxa-by-tlg-pharma\/wp-content\/uploads\/sites\/4\/2023\/11\/Patch.jpg&#8221; text_orientation=&#8221;center&#8221; background_layout=&#8221;dark&#8221; global_colors_info=&#8221;{}&#8221;]<\/p>\n<h3>DISPOSITIFS TRANSDERMIQUES<\/h3>\n<p>[\/et_pb_text][et_pb_text module_class=&#8221;mp_m_fc_back_text&#8221; _builder_version=&#8221;4.22.2&#8243; _module_preset=&#8221;default&#8221; use_background_color_gradient=&#8221;on&#8221; background_color_gradient_stops=&#8221;rgba(10,68,121,0.25) 0%|rgba(10,68,121,0.25) 100%&#8221; background_color_gradient_overlays_image=&#8221;on&#8221; background_color_gradient_start=&#8221;rgba(0,0,0,0.75)&#8221; background_color_gradient_end=&#8221;rgba(0,0,0,0.75)&#8221; background_image=&#8221;https:\/\/tlg-group.com.tn\/inoxa-by-tlg-pharma\/wp-content\/uploads\/sites\/4\/2023\/11\/Patch.jpg&#8221; global_colors_info=&#8221;{}&#8221;][\/et_pb_text][\/et_pb_column][\/et_pb_row][et_pb_row admin_label=&#8221;IV SOLUTION&#8221; module_class=&#8221;mp_row_flip_box&#8221; _builder_version=&#8221;4.22.2&#8243; _module_preset=&#8221;default&#8221; custom_css_main_element=&#8221;width:40%!important;&#8221; collapsed=&#8221;off&#8221; global_colors_info=&#8221;{}&#8221; custom_css_main_element_last_edited=&#8221;on|desktop&#8221; custom_css_main_element_tablet=&#8221;width:80%!important;&#8221; custom_css_main_element_phone=&#8221;width:80%!important;&#8221;][et_pb_column type=&#8221;4_4&#8243; module_class=&#8221;mp_column_flip_box&#8221; _builder_version=&#8221;4.16&#8243; _module_preset=&#8221;default&#8221; global_colors_info=&#8221;{}&#8221;][et_pb_text module_class=&#8221;mp_m_fc_front_text&#8221; _builder_version=&#8221;4.22.2&#8243; _module_preset=&#8221;default&#8221; header_2_font=&#8221;|700|||||||&#8221; header_2_text_color=&#8221;#FFFFFF&#8221; use_background_color_gradient=&#8221;on&#8221; background_color_gradient_stops=&#8221;#0a4479 0%|#0a4479 100%&#8221; background_color_gradient_overlays_image=&#8221;on&#8221; background_color_gradient_start=&#8221;rgba(0,0,0,0.25)&#8221; background_color_gradient_end=&#8221;rgba(0,0,0,0.25)&#8221; background_image=&#8221;https:\/\/tlg-group.com.tn\/inoxa-by-tlg-pharma\/wp-content\/uploads\/sites\/4\/2023\/11\/iv-therapy.jpg&#8221; text_orientation=&#8221;center&#8221; background_layout=&#8221;dark&#8221; global_colors_info=&#8221;{}&#8221;]<\/p>\n<h4 class=\"et_pb_module_header\"><span>IV SOLUTION<\/span><\/h4>\n<p>[\/et_pb_text][et_pb_text module_class=&#8221;mp_m_fc_back_text&#8221; _builder_version=&#8221;4.22.2&#8243; _module_preset=&#8221;default&#8221; use_background_color_gradient=&#8221;on&#8221; background_color_gradient_stops=&#8221;rgba(10,68,121,0.25) 0%|rgba(10,68,121,0.25) 100%&#8221; background_color_gradient_overlays_image=&#8221;on&#8221; background_color_gradient_start=&#8221;rgba(0,0,0,0.75)&#8221; background_color_gradient_end=&#8221;rgba(0,0,0,0.75)&#8221; background_image=&#8221;https:\/\/tlg-group.com.tn\/inoxa-by-tlg-pharma\/wp-content\/uploads\/sites\/4\/2023\/11\/iv-therapy.jpg&#8221; global_colors_info=&#8221;{}&#8221;][\/et_pb_text][\/et_pb_column][\/et_pb_row][\/et_pb_section]<\/p>\n","protected":false},"excerpt":{"rendered":"<p>INOXA By TLG Pharma\u00a0est un leader dans le domaine des solutions m\u00e9dicales et la prise en charge des soins Fort de son potentiel humain et de son savoir-faire, composantes essentielles de son essor, INOXA by TLG Pharma, continue \u00e0 s\u00e9duire diff\u00e9rents groupes pharmaceutiques de premiers plans aussi bien dans le partenariat au niveau du d\u00e9veloppement [&hellip;]<\/p>\n","protected":false},"author":1,"featured_media":0,"parent":0,"menu_order":0,"comment_status":"closed","ping_status":"closed","template":"","meta":{"_et_pb_use_builder":"on","_et_pb_old_content":"<!-- wp:paragraph -->\n<p>This is an example page. It's different from a blog post because it will stay in one place and will show up in your site navigation (in most themes). Most people start with an About page that introduces them to potential site visitors. It might say something like this:<\/p>\n<!-- \/wp:paragraph -->\n\n<!-- wp:quote -->\n<blockquote class=\"wp-block-quote\"><p>Hi there! I'm a bike messenger by day, aspiring actor by night, and this is my website. I live in Los Angeles, have a great dog named Jack, and I like pi&#241;a coladas. (And gettin' caught in the rain.)<\/p><\/blockquote>\n<!-- \/wp:quote -->\n\n<!-- wp:paragraph -->\n<p>...or something like this:<\/p>\n<!-- \/wp:paragraph -->\n\n<!-- wp:quote -->\n<blockquote class=\"wp-block-quote\"><p>The XYZ Doohickey Company was founded in 1971, and has been providing quality doohickeys to the public ever since. Located in Gotham City, XYZ employs over 2,000 people and does all kinds of awesome things for the Gotham community.<\/p><\/blockquote>\n<!-- \/wp:quote -->\n\n<!-- wp:paragraph -->\n<p>As a new WordPress user, you should go to <a href=\"https:\/\/tlg-group.com.tn\/inoxa-by-tlg-pharma\/wp-admin\/\">your dashboard<\/a> to delete this page and create new pages for your content. Have fun!<\/p>\n<!-- \/wp:paragraph -->","_et_gb_content_width":"","inline_featured_image":false,"footnotes":""},"class_list":["post-2","page","type-page","status-publish","hentry"],"_links":{"self":[{"href":"https:\/\/tlg-group.com.tn\/inoxa-by-tlg-pharma\/wp-json\/wp\/v2\/pages\/2","targetHints":{"allow":["GET"]}}],"collection":[{"href":"https:\/\/tlg-group.com.tn\/inoxa-by-tlg-pharma\/wp-json\/wp\/v2\/pages"}],"about":[{"href":"https:\/\/tlg-group.com.tn\/inoxa-by-tlg-pharma\/wp-json\/wp\/v2\/types\/page"}],"author":[{"embeddable":true,"href":"https:\/\/tlg-group.com.tn\/inoxa-by-tlg-pharma\/wp-json\/wp\/v2\/users\/1"}],"replies":[{"embeddable":true,"href":"https:\/\/tlg-group.com.tn\/inoxa-by-tlg-pharma\/wp-json\/wp\/v2\/comments?post=2"}],"version-history":[{"count":50,"href":"https:\/\/tlg-group.com.tn\/inoxa-by-tlg-pharma\/wp-json\/wp\/v2\/pages\/2\/revisions"}],"predecessor-version":[{"id":122,"href":"https:\/\/tlg-group.com.tn\/inoxa-by-tlg-pharma\/wp-json\/wp\/v2\/pages\/2\/revisions\/122"}],"wp:attachment":[{"href":"https:\/\/tlg-group.com.tn\/inoxa-by-tlg-pharma\/wp-json\/wp\/v2\/media?parent=2"}],"curies":[{"name":"wp","href":"https:\/\/api.w.org\/{rel}","templated":true}]}}